{"id":773,"date":"2021-03-24T21:55:49","date_gmt":"2021-03-25T00:55:49","guid":{"rendered":"http:\/\/localhost\/Fenix%20Gruas\/?page_id=773"},"modified":"2021-03-29T10:43:10","modified_gmt":"2021-03-29T13:43:10","slug":"grua","status":"publish","type":"page","link":"https:\/\/fenixgruas.com.br\/index.php\/grua\/","title":{"rendered":"Grua"},"content":{"rendered":"\n<section class=\"wp-block-uagb-columns uagb-columns__wrap uagb-columns__background-undefined uagb-columns__stack-mobile uagb-columns__valign-undefined uagb-columns__gap-10 alignundefined uagb-block-b57b9486\"><div class=\"uagb-columns__overlay\"><\/div><div class=\"uagb-columns__inner-wrap uagb-columns__columns-1\">\n<div class=\"wp-block-uagb-column uagb-column__wrap uagb-column__background-undefined uagb-block-b0b7bc72\"><div class=\"uagb-column__overlay\"><\/div><div class=\"uagb-column__inner-wrap\">\n<div class=\"wp-block-uagb-info-box uagb-infobox__outer-wrap uagb-block-6cda41ea\"><div class=\"uagb-infobox__content-wrap uagb-infobox uagb-infobox-has-icon uagb-infobox-icon-above-title uagb-infobox-image-valign-top uagb-infobox-enable-border-radius \"><div class=\"uagb-ifb-left-right-wrap\"><div class=\"uagb-ifb-content\"><div class=\"uagb-ifb-title-wrap\"><h3 class=\"uagb-ifb-title\">O que \u00e9 Grua?<\/h3><\/div><div class=\"uagb-ifb-separator-parent\"><div class=\"uagb-ifb-separator\"><\/div><\/div><div class=\"uagb-ifb-text-wrap\"><p class=\"uagb-ifb-desc\">Grua (tamb\u00e9m chamado de guindaste) \u00e9 um equipamento utilizado para a eleva\u00e7\u00e3o e movimenta\u00e7\u00e3o de cargas e materiais pesados. S\u00e3o comumente empregados nas ind\u00fastrias, terminais portu\u00e1rios e aeroportu\u00e1rios para os quais se exige grande mobilidade no manuseio de cargas e transporte. Pelo aumento de velocidade e produtividade no transporte de materiais, o uso da grua \u00e9 indispens\u00e1vel por ser uma medida economicamente correta.<\/p><\/div><\/div><\/div><\/div><\/div>\n<\/div><\/div>\n<\/div><\/section>\n\n\n\n<section class=\"wp-block-uagb-columns uagb-columns__wrap uagb-columns__background-undefined uagb-columns__stack-mobile uagb-columns__valign-undefined uagb-columns__gap-10 alignundefined uagb-block-e7ba822d\"><div class=\"uagb-columns__overlay\"><\/div><div class=\"uagb-columns__inner-wrap uagb-columns__columns-2\">\n<div class=\"wp-block-uagb-column uagb-column__wrap uagb-column__background-undefined uagb-block-87043cdc\"><div class=\"uagb-column__overlay\"><\/div><div class=\"uagb-column__inner-wrap\">\n<div class=\"wp-block-uagb-info-box uagb-infobox__outer-wrap uagb-block-2a5bd365\"><div class=\"uagb-infobox__content-wrap uagb-infobox uagb-infobox-has-icon uagb-infobox-icon-above-title uagb-infobox-image-valign-top uagb-infobox-enable-border-radius \"><div class=\"uagb-ifb-left-right-wrap\"><div class=\"uagb-ifb-content\"><div class=\"uagb-ifb-title-wrap\"><h3 class=\"uagb-ifb-title\">Por que utilizar?<\/h3><\/div><div class=\"uagb-ifb-separator-parent\"><div class=\"uagb-ifb-separator\"><\/div><\/div><div class=\"uagb-ifb-text-wrap\"><p class=\"uagb-ifb-desc\">\u2022 Economia na m\u00e3o de obra com seus encargos;<br>\u2022 Economia na redu\u00e7\u00e3o do custo das tarefas executadas;<br>\u2022 Economia na redu\u00e7\u00e3o do tempo de execu\u00e7\u00e3o da obra;<br>\u2022 Auxilia no transporte horizontal e vertical de qualquer material ou m\u00e1quina necess\u00e1ria a obra;<br>\u2022 Transporte das plataformas de descarga de um andar ao outro;<br>\u2022 Transporta tijolos ou blocos paletizados.<\/p><\/div><\/div><\/div><\/div><\/div>\n<\/div><\/div>\n\n\n\n<div class=\"wp-block-uagb-column uagb-column__wrap uagb-column__background-undefined uagb-block-eab8bf47\"><div class=\"uagb-column__overlay\"><\/div><div class=\"uagb-column__inner-wrap\">\n<div class=\"wp-block-image\"><figure class=\"aligncenter size-large is-resized\"><img loading=\"lazy\" decoding=\"async\" src=\"https:\/\/fenixgruas.com.br\/wp-content\/uploads\/2021\/03\/img-grua-964x1024.png\" alt=\"\" class=\"wp-image-801\" width=\"305\" height=\"323\" srcset=\"https:\/\/fenixgruas.com.br\/wp-content\/uploads\/2021\/03\/img-grua-964x1024.png 964w, https:\/\/fenixgruas.com.br\/wp-content\/uploads\/2021\/03\/img-grua-282x300.png 282w, https:\/\/fenixgruas.com.br\/wp-content\/uploads\/2021\/03\/img-grua-768x816.png 768w, https:\/\/fenixgruas.com.br\/wp-content\/uploads\/2021\/03\/img-grua-1446x1536.png 1446w, https:\/\/fenixgruas.com.br\/wp-content\/uploads\/2021\/03\/img-grua-1928x2048.png 1928w\" sizes=\"auto, (max-width: 305px) 100vw, 305px\" \/><\/figure><\/div>\n<\/div><\/div>\n<\/div><\/section>\n\n\n\n<section class=\"wp-block-uagb-section uagb-section__wrap uagb-section__background-undefined uagb-block-5aa58916\"><div class=\"uagb-section__overlay\"><\/div><div class=\"uagb-section__inner-wrap\">\n<div class=\"wp-block-uagb-info-box uagb-infobox__outer-wrap uagb-block-9a6dd6ab\"><div class=\"uagb-infobox__content-wrap uagb-infobox uagb-infobox-has-icon uagb-infobox-icon-above-title uagb-infobox-image-valign-top uagb-infobox-enable-border-radius \"><div class=\"uagb-ifb-left-right-wrap\"><div class=\"uagb-ifb-content\"><div class=\"uagb-ifb-title-wrap\"><h3 class=\"uagb-ifb-title\"><br>Tipos de gruas<\/h3><\/div><div class=\"uagb-ifb-separator-parent\"><div class=\"uagb-ifb-separator\"><\/div><\/div><div class=\"uagb-ifb-text-wrap\"><\/div><\/div><\/div><\/div><\/div>\n\n\n\n<section class=\"wp-block-uagb-columns uagb-columns__wrap uagb-columns__background-undefined uagb-columns__stack-mobile uagb-columns__valign-undefined uagb-columns__gap-10 alignundefined uagb-block-eec41379\"><div class=\"uagb-columns__overlay\"><\/div><div class=\"uagb-columns__inner-wrap uagb-columns__columns-2\">\n<div class=\"wp-block-uagb-column uagb-column__wrap uagb-column__background-undefined uagb-block-1ac62f33\"><div class=\"uagb-column__overlay\"><\/div><div class=\"uagb-column__inner-wrap\">\n<figure class=\"wp-block-image size-large\"><img loading=\"lazy\" decoding=\"async\" width=\"400\" height=\"297\" src=\"https:\/\/fenixgruas.com.br\/wp-content\/uploads\/2021\/03\/tiposdegruas.jpg\" alt=\"\" class=\"wp-image-786\" srcset=\"https:\/\/fenixgruas.com.br\/wp-content\/uploads\/2021\/03\/tiposdegruas.jpg 400w, https:\/\/fenixgruas.com.br\/wp-content\/uploads\/2021\/03\/tiposdegruas-300x223.jpg 300w\" sizes=\"auto, (max-width: 400px) 100vw, 400px\" \/><\/figure>\n\n\n\n<p><\/p>\n<\/div><\/div>\n\n\n\n<div class=\"wp-block-uagb-column uagb-column__wrap uagb-column__background-undefined uagb-block-276d669b\"><div class=\"uagb-column__overlay\"><\/div><div class=\"uagb-column__inner-wrap\">\n<div class=\"wp-block-uagb-info-box uagb-infobox__outer-wrap uagb-block-4a3bb869\"><div class=\"uagb-infobox__content-wrap uagb-infobox uagb-infobox-has-icon uagb-infobox-icon-above-title uagb-infobox-image-valign-top uagb-infobox-enable-border-radius \"><div class=\"uagb-ifb-left-right-wrap\"><div class=\"uagb-ifb-content\"><div class=\"uagb-ifb-title-wrap\"><\/div><div class=\"uagb-ifb-separator-parent\"><div class=\"uagb-ifb-separator\"><\/div><\/div><div class=\"uagb-ifb-text-wrap\"><p class=\"uagb-ifb-desc\"><br><br><br>A princ\u00edpio, escolhe-se a grua de acordo com o material que ir\u00e1 transportar \u2013 o que est\u00e1 diretamente ligado ao m\u00e9todo construtivo da obra. Al\u00e9m da capacidade de carga, as gruas se diferenciam em fun\u00e7\u00e3o do tipo de torre.<\/p><\/div><\/div><\/div><\/div><\/div>\n\n\n\n<p><\/p>\n<\/div><\/div>\n<\/div><\/section>\n\n\n\n<div class=\"wp-block-uagb-info-box uagb-infobox__outer-wrap uagb-block-dbdb043d\"><div class=\"uagb-infobox__content-wrap uagb-infobox uagb-infobox-has-icon uagb-infobox-icon-above-title uagb-infobox-image-valign-top uagb-infobox-enable-border-radius \"><div class=\"uagb-ifb-left-right-wrap\"><div class=\"uagb-ifb-content\"><div class=\"uagb-ifb-title-wrap\"><h3 class=\"uagb-ifb-title\"><br>Torre fixa com lan\u00e7a tamb\u00e9m fixa<\/h3><\/div><div class=\"uagb-ifb-separator-parent\"><div class=\"uagb-ifb-separator\"><\/div><\/div><div class=\"uagb-ifb-text-wrap\"><p class=\"uagb-ifb-desc\">Posicionada no lado externo da edifica\u00e7\u00e3o, poder\u00e1 ser presa ou livre ao corpo do edif\u00edcio. Para desmontar, deve haver espa\u00e7o no canteiro para que toda a lan\u00e7a fique no ch\u00e3o ap\u00f3s a retirada das pe\u00e7as da estrutura.<\/p><\/div><\/div><\/div><\/div><\/div>\n\n\n\n<div class=\"wp-block-uagb-info-box uagb-infobox__outer-wrap uagb-block-3dcf13c4\"><div class=\"uagb-infobox__content-wrap uagb-infobox uagb-infobox-has-icon uagb-infobox-icon-above-title uagb-infobox-image-valign-top uagb-infobox-enable-border-radius \"><div class=\"uagb-ifb-left-right-wrap\"><div class=\"uagb-ifb-content\"><div class=\"uagb-ifb-title-wrap\"><h3 class=\"uagb-ifb-title\"><br>Semim\u00f3vel<\/h3><\/div><div class=\"uagb-ifb-separator-parent\"><div class=\"uagb-ifb-separator\"><\/div><\/div><div class=\"uagb-ifb-text-wrap\"><p class=\"uagb-ifb-desc\">A torre desloca-se sobre rodas apoiadas em trilhos. A pequena &#8220;ferrovia&#8221; deve ser convenientemente ancorada no solo.<\/p><\/div><\/div><\/div><\/div><\/div>\n\n\n\n<div class=\"wp-block-uagb-info-box uagb-infobox__outer-wrap uagb-block-42b29b37\"><div class=\"uagb-infobox__content-wrap uagb-infobox uagb-infobox-has-icon uagb-infobox-icon-above-title uagb-infobox-image-valign-top uagb-infobox-enable-border-radius \"><div class=\"uagb-ifb-left-right-wrap\"><div class=\"uagb-ifb-content\"><div class=\"uagb-ifb-title-wrap\"><h3 class=\"uagb-ifb-title\"><br>Ascensional<\/h3><\/div><div class=\"uagb-ifb-separator-parent\"><div class=\"uagb-ifb-separator\"><\/div><\/div><div class=\"uagb-ifb-text-wrap\"><p class=\"uagb-ifb-desc\">Instalada no interior do pr\u00e9dio, essa grua passa por janelas abertas nas lajes ou pelo po\u00e7o do elevador. No primeiro caso, pode ser necess\u00e1rio executar elementos que transfiram essa carga extra para os pilares. Normalmente, a grua tem uma torre de 6 a 12 m e fica presa em cerca de dois pavimentos abaixo do \u00faltimo pronto. Para desmontar, \u00e9 recomend\u00e1vel que se &#8220;deite&#8221; a lan\u00e7a sobre uma laje sem obst\u00e1culos ap\u00f3s a retirada da torre. Caso a lan\u00e7a fique suspensa sobre, por exemplo, uma caixa d&#8217;\u00e1gua, ser\u00e1 necess\u00e1rio o uso de guindastes para a retirada das pe\u00e7as.<\/p><\/div><\/div><\/div><\/div><\/div>\n\n\n\n<p><\/p>\n<\/div><\/section>\n\n\n\n<p><\/p>\n","protected":false},"excerpt":{"rendered":"","protected":false},"author":1,"featured_media":0,"parent":0,"menu_order":0,"comment_status":"closed","ping_status":"closed","template":"","meta":{"_uag_custom_page_level_css":"","_joinchat":[],"footnotes":""},"class_list":["post-773","page","type-page","status-publish","hentry"],"uagb_featured_image_src":{"full":false,"thumbnail":false,"medium":false,"medium_large":false,"large":false,"1536x1536":false,"2048x2048":false},"uagb_author_info":{"display_name":"fgwordpress","author_link":"https:\/\/fenixgruas.com.br\/index.php\/author\/fgwordpress\/"},"uagb_comment_info":0,"uagb_excerpt":null,"_links":{"self":[{"href":"https:\/\/fenixgruas.com.br\/index.php\/wp-json\/wp\/v2\/pages\/773","targetHints":{"allow":["GET"]}}],"collection":[{"href":"https:\/\/fenixgruas.com.br\/index.php\/wp-json\/wp\/v2\/pages"}],"about":[{"href":"https:\/\/fenixgruas.com.br\/index.php\/wp-json\/wp\/v2\/types\/page"}],"author":[{"embeddable":true,"href":"https:\/\/fenixgruas.com.br\/index.php\/wp-json\/wp\/v2\/users\/1"}],"replies":[{"embeddable":true,"href":"https:\/\/fenixgruas.com.br\/index.php\/wp-json\/wp\/v2\/comments?post=773"}],"version-history":[{"count":55,"href":"https:\/\/fenixgruas.com.br\/index.php\/wp-json\/wp\/v2\/pages\/773\/revisions"}],"predecessor-version":[{"id":902,"href":"https:\/\/fenixgruas.com.br\/index.php\/wp-json\/wp\/v2\/pages\/773\/revisions\/902"}],"wp:attachment":[{"href":"https:\/\/fenixgruas.com.br\/index.php\/wp-json\/wp\/v2\/media?parent=773"}],"curies":[{"name":"wp","href":"https:\/\/api.w.org\/{rel}","templated":true}]}}